{"id":1047,"date":"2026-03-07T18:06:43","date_gmt":"2026-03-07T18:06:43","guid":{"rendered":"https:\/\/tadcon.com.pe\/es\/?page_id=1047"},"modified":"2026-03-07T18:28:31","modified_gmt":"2026-03-07T18:28:31","slug":"librodereclamaciones","status":"publish","type":"page","link":"https:\/\/tadcon.com.pe\/es\/librodereclamaciones\/","title":{"rendered":"Libro de Reclamaciones"},"content":{"rendered":"\t\t<div data-elementor-type=\"wp-page\" data-elementor-id=\"1047\" class=\"elementor elementor-1047\">\n\t\t\t\t\t\t<section class=\"elementor-section elementor-top-section elementor-element elementor-element-787a780c elementor-section-full_width elementor-section-height-default elementor-section-height-default\" data-id=\"787a780c\" data-element_type=\"section\" data-settings=\"{&quot;background_background&quot;:&quot;classic&quot;}\">\n\t\t\t\t\t\t\t<div class=\"elementor-background-overlay\"><\/div>\n\t\t\t\t\t\t\t<div class=\"elementor-container elementor-column-gap-default\">\n\t\t\t\t\t<div class=\"elementor-column elementor-col-100 elementor-top-column elementor-element elementor-element-22a0e8ad\" data-id=\"22a0e8ad\" data-element_type=\"column\">\n\t\t\t<div class=\"elementor-widget-wrap elementor-element-populated\">\n\t\t\t\t\t\t<div class=\"elementor-element elementor-element-5345a37b animated-slow elementor-invisible elementor-widget elementor-widget-heading\" data-id=\"5345a37b\" data-element_type=\"widget\" data-settings=\"{&quot;_animation&quot;:&quot;fadeIn&quot;}\" data-widget_type=\"heading.default\">\n\t\t\t\t<div class=\"elementor-widget-container\">\n\t\t\t<style>\/*! elementor - v3.19.0 - 07-02-2024 *\/\n.elementor-heading-title{padding:0;margin:0;line-height:1}.elementor-widget-heading .elementor-heading-title[class*=elementor-size-]>a{color:inherit;font-size:inherit;line-height:inherit}.elementor-widget-heading .elementor-heading-title.elementor-size-small{font-size:15px}.elementor-widget-heading .elementor-heading-title.elementor-size-medium{font-size:19px}.elementor-widget-heading .elementor-heading-title.elementor-size-large{font-size:29px}.elementor-widget-heading .elementor-heading-title.elementor-size-xl{font-size:39px}.elementor-widget-heading .elementor-heading-title.elementor-size-xxl{font-size:59px}<\/style><div class=\"elementor-heading-title elementor-size-default\">Libro de Reclamaciones<\/div>\t\t<\/div>\n\t\t\t\t<\/div>\n\t\t\t\t<div class=\"elementor-element elementor-element-743acfdb elementor-widget__width-initial animated-slow elementor-invisible elementor-widget elementor-widget-text-editor\" data-id=\"743acfdb\" data-element_type=\"widget\" data-settings=\"{&quot;_animation&quot;:&quot;fadeInUp&quot;,&quot;_animation_delay&quot;:360}\" data-widget_type=\"text-editor.default\">\n\t\t\t\t<div class=\"elementor-widget-container\">\n\t\t\t<style>\/*! elementor - v3.19.0 - 07-02-2024 *\/\n.elementor-widget-text-editor.elementor-drop-cap-view-stacked .elementor-drop-cap{background-color:#69727d;color:#fff}.elementor-widget-text-editor.elementor-drop-cap-view-framed .elementor-drop-cap{color:#69727d;border:3px solid;background-color:transparent}.elementor-widget-text-editor:not(.elementor-drop-cap-view-default) .elementor-drop-cap{margin-top:8px}.elementor-widget-text-editor:not(.elementor-drop-cap-view-default) .elementor-drop-cap-letter{width:1em;height:1em}.elementor-widget-text-editor .elementor-drop-cap{float:left;text-align:center;line-height:1;font-size:50px}.elementor-widget-text-editor .elementor-drop-cap-letter{display:inline-block}<\/style>\t\t\t\t<p>ATENCI\u00d3N AL CLIENTE<\/p>\t\t\t\t\t\t<\/div>\n\t\t\t\t<\/div>\n\t\t\t\t\t<\/div>\n\t\t<\/div>\n\t\t\t\t\t<\/div>\n\t\t<\/section>\n\t\t<div class=\"elementor-element elementor-element-9037b40 e-flex e-con-boxed e-con e-parent\" data-id=\"9037b40\" data-element_type=\"container\" data-settings=\"{&quot;content_width&quot;:&quot;boxed&quot;}\" data-core-v316-plus=\"true\">\n\t\t\t\t\t<div class=\"e-con-inner\">\n\t\t\t\t<div class=\"elementor-element elementor-element-ec9a00d elementor-widget elementor-widget-shortcode\" data-id=\"ec9a00d\" data-element_type=\"widget\" data-widget_type=\"shortcode.default\">\n\t\t\t\t<div class=\"elementor-widget-container\">\n\t\t\t\t\t<div class=\"elementor-shortcode\">\n        <div class=\"wrapper claim-wong center\">\n            <div class=\"content\">\n        <section class=\"libro-content\"><form id=\"rt_form_libro\" action=\"\" method=\"post\">\n        <div id=\"responsive-form\" class=\"clearfix\">\n            <div class=\"form-row-libro\">\n                <div class=\"column-full\"><h2 class=\"title\">Identificaci\u00f3n del consumidor reclamante \n                <b class=\"alert\" style=\"font-size: 10px\">* Datos requeridos<\/b><\/h2> <\/div>\n            <\/div>\n            <div class=\"form-row-libro\">\n                <div class=\"column-half\">Nombre <b class=\"alert\">*<\/b>\n                    <input type=\"text\" name=\"nombres\" value=\"\" size=\"40\" class=\"required\" placeholder=\"Nombre\" >\n                <\/div>\n                <div class=\"column-half\">Primer apellido <b class=\"alert\">*<\/b>\n                    <input type=\"text\" name=\"paterno\" value=\"\" size=\"40\" class=\"required\" placeholder=\"Primer apellido\" >\n                <\/div>\n                <div class=\"column-half\">Segundo apellido <b class=\"alert\">*<\/b>\n                    <input type=\"text\" name=\"materno\" value=\"\" size=\"40\" class=\"required\" placeholder=\"Segundo apellido\" >\n                <\/div>\n            <\/div>\n            <div class=\"form-row-libro\">\n                <div class=\"column-half\">Tipo de documentaci\u00f3n <b class=\"alert\">*<\/b>\n                    <select id=\"tipo_doc\" name=\"tipo_doc\" tabindex=\"-1\" aria-hidden=\"true\" class=\"required\" >\n                        <option value=\"\">Selecci\u00f3n de documentaci\u00f3n<\/option>\n                        <option value=\"1\">DNI<\/option>\n                        <option value=\"2\">CE<\/option>\n                        <option value=\"3\">Pasaporte<\/option>\n                        <option value=\"4\">RUC<\/option>\n                    <\/select>\n                <\/div>\n                <div class=\"column-half\">N\u00famero de documentaci\u00f3n <b class=\"alert\">*<\/b>\n                    <input type=\"text\" name=\"nro_doc\" value=\"\" size=\"40\" placeholder=\"N\u00famero de documentaci\u00f3n \" class=\"required\" >\n                <\/div>\n                <div class=\"column-half\">Celular <b class=\"alert\">*<\/b>\n                    <input type=\"text\" name=\"cel\" value=\"\" size=\"40\" placeholder=\"Celular\" class=\"required\" >\n                <\/div>\n            <\/div>\n            <div class=\"form-row-libro\">\n                <div class=\"column-half\">Departamento <b class=\"alert\">*<\/b>\n                    <select id=\"dep\" name=\"dep\" tabindex=\"-1\" aria-hidden=\"true\" class=\"required\" >\n                        <option value=\"\">Seleccionar departamento<\/option><option value=\"1\">AMAZONAS<\/option><option value=\"2\">ANCASH<\/option><option value=\"3\">APURIMAC<\/option><option value=\"4\">AREQUIPA<\/option><option value=\"5\">AYACUCHO<\/option><option value=\"6\">CAJAMARCA<\/option><option value=\"7\">CALLAO<\/option><option value=\"8\">CUSCO<\/option><option value=\"9\">HUANCAVELICA<\/option><option value=\"10\">HUANUCO<\/option><option value=\"11\">ICA<\/option><option value=\"12\">JUNIN<\/option><option value=\"13\">LA LIBERTAD<\/option><option value=\"14\">LAMBAYEQUE<\/option><option value=\"15\">LIMA<\/option><option value=\"16\">LORETO<\/option><option value=\"17\">MADRE DE DIOS<\/option><option value=\"18\">MOQUEGUA<\/option><option value=\"19\">PASCO<\/option><option value=\"20\">PIURA<\/option><option value=\"21\">PUNO<\/option><option value=\"22\">SAN MARTIN<\/option><option value=\"23\">TACNA<\/option><option value=\"24\">TUMBES<\/option><option value=\"25\">UCAYALI<\/option> <\/select>\n                <\/div>\n                <div class=\"column-half\">Provincia <b class=\"alert\">*<\/b>\n                    <select id=\"prov\" name=\"prov\" tabindex=\"-1\" aria-hidden=\"true\" class=\"required\">\n                        <option value=\"\">Seleccionar de provincia<\/option>\n                    <\/select>\n                <\/div>\n                <div class=\"column-half\"> Distrito <b class=\"alert\">*<\/b>\n                    <select id=\"dist\" name=\"dist\" tabindex=\"-1\" aria-hidden=\"true\" class=\"required\" >\n                        <option value=\"\">Seleccionar de distrito<\/option>\n                    <\/select>\n                <\/div>\n            <\/div>\n            <div class=\"form-row-libro\">\n                <div class=\"column-half\">Direcci\u00f3n <b class=\"alert\">*<\/b>\n                    <input type=\"text\" name=\"direccion\" value=\"\" size=\"40\" placeholder=\"Direcci\u00f3n\" class=\"required\" >\n                <\/div>\n                 <div class=\"column-half\">Referencia\n                    <input type=\"text\" name=\"referencia\" value=\"\" size=\"40\" id=\"referencia\" placeholder=\"Referencia\" >\n                <\/div>\n                 <div class=\"column-half\">Correo electr\u00f3nico <b class=\"alert\">*<\/b>\n                    <input type=\"text\" name=\"correo\" value=\"\" size=\"40\" placeholder=\"Correo electr\u00f3nico\"  class=\"required\">\n                <\/div>\n            <\/div>\n            <div class=\"form-row-libro\">\n            <div class=\"column-full\" style=\"text-align: center;\"><br><\/div>\n            <\/div>\n            <div class=\"form-row-libro\">\n                <div class=\"column-half\"> \u00bfEres menor de edad?\n                <\/div>\n                <div class=\"column-half\">Si\n                    <input type=\"radio\" id=\"si\" class=\"edad\" name=\"flag_menor\"  value=\"1\">\n                <\/div>\n                <div class=\"column-half\">No\n                    <input type=\"radio\" id=\"no\" class=\"edad\" name=\"flag_menor\" value=\"0\">\n                <\/div>\n            <\/div>\n            <div class=\"form-row-libro\" id=\"title_tutor\" style=\"display: none;\" >\n                <div class=\"column-full\" style=\"text-align: center;\"><h2 class=\"title\">Padre \/ Madre \/ Tutor<\/h2> <\/div>\n            <\/div>\n            <div class=\"form-row-libro\" id=\"datos_tutor\" style=\"display: none;\" >\n                <div class=\"column-two\">Nombre \n                    <input type=\"text\" name=\"nombre_tutor\" value=\"\" size=\"40\" placeholder=\"Nombre \" >\n                <\/div>\n                <div class=\"column-two\">Correo electr\u00f3nico \n                    <input type=\"text\" name=\"correo_tutor\" value=\"\" size=\"40\" placeholder=\"Correo electr\u00f3nico \" >\n                <\/div>\n            <\/div>\n            <div class=\"form-row-libro\" id=\"doc_tutor\" style=\"display: none;\" >\n                <div class=\"column-two\">Tipo de documentaci\u00f3n \n                    <select id=\"tipo_doc_tutor\" name=\"tipo_doc_tutor\" tabindex=\"-1\" aria-hidden=\"true\" >\n                        <option value=\"\">Selecci\u00f3n de documentaci\u00f3n<\/option>\n                        <option value=\"1\">DNI<\/option>\n                        <option value=\"2\">CE<\/option>\n                        <option value=\"3\">Pasaporte<\/option>\n                        <option value=\"4\">RUC<\/option>\n                    <\/select>\n                <\/div>\n                <div class=\"column-two\">N\u00famero de documento \n                    <input type=\"text\" name=\"nro_doc_tutor\" value=\"\" size=\"40\" placeholder=\"N\u00famero de documento\" >\n                <\/div>\n            <\/div>\n            <div class=\"form-row-libro\">\n            <div class=\"column-full\" style=\"text-align: center;\"><br><\/div>\n            <\/div>\n            <div class=\"form-row-libro\">\n                <div class=\"column-full\"><h2 class=\"title\"> Detalle del reclamo y orden del consumidor <b class=\"alert\" style=\"font-size: 9px\">* Datos requeridos<\/b><\/h2><\/div>\n            <\/div>\n            <div class=\"form-row-libro\">\n                <div class=\"column-half\">Tipo de reclamo <b class=\"alert\">*<\/b>\n                    <select id=\"tipo_reclamo\" name=\"tipo_reclamo\" tabindex=\"-1\" aria-hidden=\"true\" class=\"required\">\n                        <option value=\"\">Tipo de reclamo<\/option>\n                        <option value=\"1\">Reclamaci\u00f3n (1)<\/option>\n                        <option value=\"2\">Queja(2)<\/option>\n                    <\/select>\n                <\/div>\n                <div class=\"column-half\">Tipo de consumo <b class=\"alert\">*<\/b>\n                    <select id=\"tipo_consumo\" name=\"tipo_consumo\" tabindex=\"-1\" aria-hidden=\"true\" class=\"required\">\n                        <option value=\"\">Tipo de consumo<\/option>\n                        <option value=\"1\">Producto<\/option>\n                        <option value=\"2\">Servicio<\/option>\n                    <\/select>\n                <\/div>\n                <div class=\"column-half\">N \u00ba de pedido. <b class=\"alert\">*<\/b>\n                    <input type=\"text\" name=\"nro_pedido\" value=\"\" size=\"40\" placeholder=\"N\u00ba Pedido\" class=\"required\">\n                <\/div>\n            <\/div>\n            <div class=\"form-row-libro\">\n                <div class=\"column-half\">Fecha de reclamaci\u00f3n \/ queja\n                    <input type=\"text\" name=\"fch_reclamo\" value=\"16\/04\/2026\" size=\"40\" readonly>\n                <\/div>\n                <div class=\"column-half\">Proveedor\n                    <input type=\"text\" name=\"proveedor\" value=\"\" size=\"40\" placeholder=\"Proveedor\" >\n                <\/div>\n                <div class=\"column-half\">Monto reclamado (S\/.) \n                    <input type=\"text\" name=\"monto_reclamado\" value=\"\" size=\"40\" placeholder=\"Monto reclamado\" >\n                <\/div>\n            <\/div>\n            <div class=\"form-row-libro\">\n                <div class=\"column-full\" style=\"text-align: center;\">\n                    Descripci\u00f3n del producto o servicio <b class=\"alert\">*<\/b>\n                    <textarea name=\"descripcion\" class=\"required\"><\/textarea>\n                <\/div>\n            <\/div>\n            <div class=\"form-row-libro\">\n                <div class=\"column-half\">Fecha de compra\n                    <input type=\"date\" name=\"fch_compra\" value=\"\" size=\"40\" placeholder=\"00\/00\/0000\" >\n                <\/div>\n                <div class=\"column-half\">Fecha de consumo\n                    <input type=\"date\" name=\"fch_consumo\" value=\"\" size=\"40\" placeholder=\"00\/00\/0000\" >\n                <\/div>\n                <div class=\"column-half\">Fecha de caducidad\n                    <input type=\"date\" name=\"fch_vencimiento\" value=\"\" size=\"40\" placeholder=\"00\/00\/0000\" >\n                <\/div>\n            <\/div>\n            <div class=\"form-row-libro\">\n                <div class=\"column-full\" style=\"text-align: center;\">\n                   Detalle de la Reclamaci\u00f3n \/ Queja, seg\u00fan lo indicado por el cliente: <b class=\"alert\">*<\/b>\n                    <textarea name=\"detalle_reclamo\" class=\"required\" ><\/textarea>\n                <\/div>\n            <\/div>\n            <div class=\"form-row-libro\">\n                <div class=\"column-full\" style=\"text-align: center;\">\n                    Pedido del Cliente: <b class=\"alert\">*<\/b>\n                    <textarea name=\"pedido_cliente\"  class=\"required\"><\/textarea>\n                <\/div>\n            <\/div>\n            <div class=\"form-row-libro\">\n                <div class=\"column-full\" style=\"\">\n                   <b class=\"alert\">(1)<\/b>  <strong style=\"color:#333333\">Reclamaci\u00f3n:<strong><i style=\"color:#7d7d7d\"> Desacuerdo relacionado con productos y \/ o servicios.<\/i><br>\n                   <b class=\"alert\">(2)<\/b>  <strong style=\"color:#333333\">Queja:<strong><i style=\"color:#7d7d7d\">Desacuerdo no relacionado con productos y \/ o servicios; o, malestar o insatisfacci\u00f3n con la atenci\u00f3n al p\u00fablico. <\/i><br>\n                <\/div>\n            <\/div>\n            <div class=\"form-row-libro\">\n                <div class=\"column-two\">\n                <input type=\"checkbox\" name=\"acepto\" value=\"1\">\n                    Declaro que soy el due\u00f1o del servicio y acepto el contenido de este formulario al declarar bajo Declaraci\u00f3n Jurada la veracidad de los hechos descritos.\n                <\/div>\n                <div class=\"column-two\" style=\"font-size:10px\">\n                <b class=\"alert\">*<\/b> La formulaci\u00f3n del reclamo no excluye el recurso a otros medios de resoluci\u00f3n de controversias ni es un requisito previo para presentar una denuncia ante el Indecopi. <br>\n                <b class=\"alert\">*<\/b> El proveedor debe responder a la reclamaci\u00f3n en un plazo no superior a quince (15) d\u00edas naturales, pudiendo ampliar el plazo hasta quince d\u00edas.<br>\n                <b class=\"alert\">*<\/b> Con la firma de este documento, el cliente autoriza a ser contactado despu\u00e9s de la tramitaci\u00f3n de la reclamaci\u00f3n para evaluar la calidad y satisfacci\u00f3n del proceso de atenci\u00f3n de reclamaciones. \n                <\/div>\n            <\/div>\n            <div class=\"form-row-libro\">\n                <div class=\"column-full\">\n                    <input type=\"checkbox\" name=\"politica\" value=\"1\">\n                    <a href=\"#\" target=\"_black\">He le\u00eddo y acepto la Pol\u00edtica de privacidad y seguridad y la Pol\u00edtica de cookies.<\/a>\n                <\/div>\n            <\/div>\n            <div class=\"form-row-libro\">\n                <div class=\"column-full\" style=\"text-align: center;\">\n                    <input type=\"submit\" id=\"guardar_libro_reclamacion\" name=\"guardar_libro_reclamacion\" value=\"Enviar\">\n                <\/div>\n            <\/div>\n        <\/div>\n    <\/form><\/section><\/div><\/div><\/div>\n\t\t\t\t<\/div>\n\t\t\t\t<\/div>\n\t\t\t\t\t<\/div>\n\t\t\t\t<\/div>\n\t\t\t\t<section class=\"elementor-section elementor-top-section elementor-element elementor-element-66a58f36 elementor-section-boxed elementor-section-height-default elementor-section-height-default\" data-id=\"66a58f36\" data-element_type=\"section\" data-settings=\"{&quot;background_background&quot;:&quot;classic&quot;}\">\n\t\t\t\t\t\t<div class=\"elementor-container elementor-column-gap-default\">\n\t\t\t\t\t<div class=\"elementor-column elementor-col-50 elementor-top-column elementor-element elementor-element-5d7cb4e5\" data-id=\"5d7cb4e5\" data-element_type=\"column\">\n\t\t\t<div class=\"elementor-widget-wrap elementor-element-populated\">\n\t\t\t\t\t\t<div class=\"elementor-element elementor-element-29efa160 elementor-invisible elementor-widget elementor-widget-heading\" data-id=\"29efa160\" data-element_type=\"widget\" data-settings=\"{&quot;_animation&quot;:&quot;bounceInLeft&quot;}\" data-widget_type=\"heading.default\">\n\t\t\t\t<div class=\"elementor-widget-container\">\n\t\t\t<div class=\"elementor-heading-title elementor-size-default\">Tienes dudas?<\/div>\t\t<\/div>\n\t\t\t\t<\/div>\n\t\t\t\t<div class=\"elementor-element elementor-element-1743c6ba elementor-invisible elementor-widget elementor-widget-heading\" data-id=\"1743c6ba\" data-element_type=\"widget\" data-settings=\"{&quot;_animation&quot;:&quot;bounceInLeft&quot;,&quot;_animation_delay&quot;:360}\" data-widget_type=\"heading.default\">\n\t\t\t\t<div class=\"elementor-widget-container\">\n\t\t\t<div class=\"elementor-heading-title elementor-size-default\">Escr\u00edbenos. a reclamos@tadcon.com.pe<\/div>\t\t<\/div>\n\t\t\t\t<\/div>\n\t\t\t\t<div class=\"elementor-element elementor-element-53b53ccf elementor-align-right elementor-invisible elementor-widget elementor-widget-button\" data-id=\"53b53ccf\" data-element_type=\"widget\" data-settings=\"{&quot;_animation&quot;:&quot;bounceInLeft&quot;,&quot;_animation_delay&quot;:720}\" data-widget_type=\"button.default\">\n\t\t\t\t<div class=\"elementor-widget-container\">\n\t\t\t\t\t<div class=\"elementor-button-wrapper\">\n\t\t\t<a class=\"elementor-button elementor-button-link elementor-size-sm\" href=\"mailto:reclamos@tadcon.com.pe\">\n\t\t\t\t\t\t<span class=\"elementor-button-content-wrapper\">\n\t\t\t\t\t\t<span class=\"elementor-button-icon elementor-align-icon-right\">\n\t\t\t\t<i aria-hidden=\"true\" class=\"icon icon-mail\"><\/i>\t\t\t<\/span>\n\t\t\t\t\t\t<span class=\"elementor-button-text\">Cont\u00e1ctanos<\/span>\n\t\t<\/span>\n\t\t\t\t\t<\/a>\n\t\t<\/div>\n\t\t\t\t<\/div>\n\t\t\t\t<\/div>\n\t\t\t\t\t<\/div>\n\t\t<\/div>\n\t\t\t\t<div class=\"elementor-column elementor-col-50 elementor-top-column elementor-element elementor-element-766abdc7\" data-id=\"766abdc7\" data-element_type=\"column\">\n\t\t\t<div class=\"elementor-widget-wrap elementor-element-populated\">\n\t\t\t\t\t\t<div class=\"elementor-element elementor-element-5b1e022e elementor-widget elementor-widget-image\" data-id=\"5b1e022e\" data-element_type=\"widget\" data-widget_type=\"image.default\">\n\t\t\t\t<div class=\"elementor-widget-container\">\n\t\t\t<style>\/*! elementor - v3.19.0 - 07-02-2024 *\/\n.elementor-widget-image{text-align:center}.elementor-widget-image a{display:inline-block}.elementor-widget-image a img[src$=\".svg\"]{width:48px}.elementor-widget-image img{vertical-align:middle;display:inline-block}<\/style>\t\t\t\t\t\t\t\t\t\t<img fetchpriority=\"high\" decoding=\"async\" width=\"1736\" height=\"1074\" src=\"https:\/\/tadcon.com.pe\/es\/wp-content\/uploads\/2025\/06\/tadcomsoporte.png\" class=\"attachment-full size-full wp-image-918\" alt=\"\" srcset=\"https:\/\/tadcon.com.pe\/es\/wp-content\/uploads\/2025\/06\/tadcomsoporte.png 1736w, https:\/\/tadcon.com.pe\/es\/wp-content\/uploads\/2025\/06\/tadcomsoporte-300x186.png 300w, https:\/\/tadcon.com.pe\/es\/wp-content\/uploads\/2025\/06\/tadcomsoporte-1024x634.png 1024w, https:\/\/tadcon.com.pe\/es\/wp-content\/uploads\/2025\/06\/tadcomsoporte-768x475.png 768w, https:\/\/tadcon.com.pe\/es\/wp-content\/uploads\/2025\/06\/tadcomsoporte-1536x950.png 1536w\" sizes=\"(max-width: 1736px) 100vw, 1736px\" \/>\t\t\t\t\t\t\t\t\t\t\t\t\t<\/div>\n\t\t\t\t<\/div>\n\t\t\t\t\t<\/div>\n\t\t<\/div>\n\t\t\t\t\t<\/div>\n\t\t<\/section>\n\t\t\t\t<\/div>\n\t\t","protected":false},"excerpt":{"rendered":"<p>Libro de Reclamaciones ATENCI\u00d3N AL CLIENTE Tienes dudas? Escr\u00edbenos. a reclamos@tadcon.com.pe Cont\u00e1ctanos<\/p>\n","protected":false},"author":2,"featured_media":0,"parent":0,"menu_order":0,"comment_status":"closed","ping_status":"closed","template":"","meta":{"footnotes":""},"class_list":["post-1047","page","type-page","status-publish","hentry"],"_links":{"self":[{"href":"https:\/\/tadcon.com.pe\/es\/wp-json\/wp\/v2\/pages\/1047","targetHints":{"allow":["GET"]}}],"collection":[{"href":"https:\/\/tadcon.com.pe\/es\/wp-json\/wp\/v2\/pages"}],"about":[{"href":"https:\/\/tadcon.com.pe\/es\/wp-json\/wp\/v2\/types\/page"}],"author":[{"embeddable":true,"href":"https:\/\/tadcon.com.pe\/es\/wp-json\/wp\/v2\/users\/2"}],"replies":[{"embeddable":true,"href":"https:\/\/tadcon.com.pe\/es\/wp-json\/wp\/v2\/comments?post=1047"}],"version-history":[{"count":22,"href":"https:\/\/tadcon.com.pe\/es\/wp-json\/wp\/v2\/pages\/1047\/revisions"}],"predecessor-version":[{"id":1082,"href":"https:\/\/tadcon.com.pe\/es\/wp-json\/wp\/v2\/pages\/1047\/revisions\/1082"}],"wp:attachment":[{"href":"https:\/\/tadcon.com.pe\/es\/wp-json\/wp\/v2\/media?parent=1047"}],"curies":[{"name":"wp","href":"https:\/\/api.w.org\/{rel}","templated":true}]}}