{"id":541,"date":"2025-01-09T04:31:10","date_gmt":"2025-01-09T04:31:10","guid":{"rendered":"https:\/\/tadcon.com.pe\/es\/?page_id=541"},"modified":"2025-01-09T05:40:21","modified_gmt":"2025-01-09T05:40:21","slug":"soporte-tecnico","status":"publish","type":"page","link":"https:\/\/tadcon.com.pe\/es\/soporte-tecnico\/","title":{"rendered":"SOPORTE T\u00c9CNICO"},"content":{"rendered":"\t\t<div data-elementor-type=\"wp-page\" data-elementor-id=\"541\" class=\"elementor elementor-541\">\n\t\t\t\t\t\t<section class=\"elementor-section elementor-top-section elementor-element elementor-element-5edf00ee elementor-section-boxed elementor-section-height-default elementor-section-height-default\" data-id=\"5edf00ee\" data-element_type=\"section\" data-settings=\"{&quot;background_background&quot;:&quot;classic&quot;}\">\n\t\t\t\t\t\t\t<div class=\"elementor-background-overlay\"><\/div>\n\t\t\t\t\t\t\t<div class=\"elementor-container elementor-column-gap-default\">\n\t\t\t\t\t<div class=\"elementor-column elementor-col-100 elementor-top-column elementor-element elementor-element-25cf293f\" data-id=\"25cf293f\" data-element_type=\"column\">\n\t\t\t<div class=\"elementor-widget-wrap elementor-element-populated\">\n\t\t\t\t\t\t<div class=\"elementor-element elementor-element-2b077d78 elementor-invisible elementor-widget elementor-widget-heading\" data-id=\"2b077d78\" data-element_type=\"widget\" data-settings=\"{&quot;_animation&quot;:&quot;slideInLeft&quot;}\" data-widget_type=\"heading.default\">\n\t\t\t\t<div class=\"elementor-widget-container\">\n\t\t\t<style>\/*! elementor - v3.19.0 - 07-02-2024 *\/\n.elementor-heading-title{padding:0;margin:0;line-height:1}.elementor-widget-heading .elementor-heading-title[class*=elementor-size-]>a{color:inherit;font-size:inherit;line-height:inherit}.elementor-widget-heading .elementor-heading-title.elementor-size-small{font-size:15px}.elementor-widget-heading .elementor-heading-title.elementor-size-medium{font-size:19px}.elementor-widget-heading .elementor-heading-title.elementor-size-large{font-size:29px}.elementor-widget-heading .elementor-heading-title.elementor-size-xl{font-size:39px}.elementor-widget-heading .elementor-heading-title.elementor-size-xxl{font-size:59px}<\/style><div class=\"elementor-heading-title elementor-size-default\">SERVICIOS<\/div>\t\t<\/div>\n\t\t\t\t<\/div>\n\t\t\t\t<div class=\"elementor-element elementor-element-a041963 animated-slow elementor-widget__width-initial elementor-invisible elementor-widget elementor-widget-heading\" data-id=\"a041963\" data-element_type=\"widget\" data-settings=\"{&quot;_animation&quot;:&quot;fadeIn&quot;}\" data-widget_type=\"heading.default\">\n\t\t\t\t<div class=\"elementor-widget-container\">\n\t\t\t<div class=\"elementor-heading-title elementor-size-default\">SOPORTE T\u00c9CNICO<\/div>\t\t<\/div>\n\t\t\t\t<\/div>\n\t\t\t\t<div class=\"elementor-element elementor-element-6f2dbc06 elementor-widget elementor-widget-spacer\" data-id=\"6f2dbc06\" data-element_type=\"widget\" data-widget_type=\"spacer.default\">\n\t\t\t\t<div class=\"elementor-widget-container\">\n\t\t\t<style>\/*! elementor - v3.19.0 - 07-02-2024 *\/\n.elementor-column .elementor-spacer-inner{height:var(--spacer-size)}.e-con{--container-widget-width:100%}.e-con-inner>.elementor-widget-spacer,.e-con>.elementor-widget-spacer{width:var(--container-widget-width,var(--spacer-size));--align-self:var(--container-widget-align-self,initial);--flex-shrink:0}.e-con-inner>.elementor-widget-spacer>.elementor-widget-container,.e-con>.elementor-widget-spacer>.elementor-widget-container{height:100%;width:100%}.e-con-inner>.elementor-widget-spacer>.elementor-widget-container>.elementor-spacer,.e-con>.elementor-widget-spacer>.elementor-widget-container>.elementor-spacer{height:100%}.e-con-inner>.elementor-widget-spacer>.elementor-widget-container>.elementor-spacer>.elementor-spacer-inner,.e-con>.elementor-widget-spacer>.elementor-widget-container>.elementor-spacer>.elementor-spacer-inner{height:var(--container-widget-height,var(--spacer-size))}.e-con-inner>.elementor-widget-spacer.elementor-widget-empty,.e-con>.elementor-widget-spacer.elementor-widget-empty{position:relative;min-height:22px;min-width:22px}.e-con-inner>.elementor-widget-spacer.elementor-widget-empty .elementor-widget-empty-icon,.e-con>.elementor-widget-spacer.elementor-widget-empty .elementor-widget-empty-icon{position:absolute;top:0;bottom:0;left:0;right:0;margin:auto;padding:0;width:22px;height:22px}<\/style>\t\t<div class=\"elementor-spacer\">\n\t\t\t<div class=\"elementor-spacer-inner\"><\/div>\n\t\t<\/div>\n\t\t\t\t<\/div>\n\t\t\t\t<\/div>\n\t\t\t\t\t<\/div>\n\t\t<\/div>\n\t\t\t\t\t<\/div>\n\t\t<\/section>\n\t\t\t\t<section class=\"elementor-section elementor-top-section elementor-element elementor-element-5deb0790 elementor-section-boxed elementor-section-height-default elementor-section-height-default\" data-id=\"5deb0790\" data-element_type=\"section\">\n\t\t\t\t\t\t<div class=\"elementor-container elementor-column-gap-default\">\n\t\t\t\t\t<div class=\"elementor-column elementor-col-50 elementor-top-column elementor-element elementor-element-3e8790f6\" data-id=\"3e8790f6\" data-element_type=\"column\">\n\t\t\t<div class=\"elementor-widget-wrap elementor-element-populated\">\n\t\t\t\t\t\t<div class=\"elementor-element elementor-element-5e8a2ce7 elementor-invisible elementor-widget elementor-widget-image\" data-id=\"5e8a2ce7\" data-element_type=\"widget\" data-settings=\"{&quot;_animation&quot;:&quot;bounceInLeft&quot;}\" data-widget_type=\"image.default\">\n\t\t\t\t<div class=\"elementor-widget-container\">\n\t\t\t<style>\/*! elementor - v3.19.0 - 07-02-2024 *\/\n.elementor-widget-image{text-align:center}.elementor-widget-image a{display:inline-block}.elementor-widget-image a img[src$=\".svg\"]{width:48px}.elementor-widget-image img{vertical-align:middle;display:inline-block}<\/style>\t\t\t\t\t\t\t\t\t\t<img fetchpriority=\"high\" decoding=\"async\" width=\"4501\" height=\"4264\" src=\"https:\/\/tadcon.com.pe\/es\/wp-content\/uploads\/2025\/01\/Soporte-tecnico-web-tadcon_Mesa-de-trabajo-1.png\" class=\"attachment-full size-full wp-image-624\" alt=\"\" srcset=\"https:\/\/tadcon.com.pe\/es\/wp-content\/uploads\/2025\/01\/Soporte-tecnico-web-tadcon_Mesa-de-trabajo-1.png 4501w, https:\/\/tadcon.com.pe\/es\/wp-content\/uploads\/2025\/01\/Soporte-tecnico-web-tadcon_Mesa-de-trabajo-1-300x284.png 300w, https:\/\/tadcon.com.pe\/es\/wp-content\/uploads\/2025\/01\/Soporte-tecnico-web-tadcon_Mesa-de-trabajo-1-1024x970.png 1024w, https:\/\/tadcon.com.pe\/es\/wp-content\/uploads\/2025\/01\/Soporte-tecnico-web-tadcon_Mesa-de-trabajo-1-768x728.png 768w, https:\/\/tadcon.com.pe\/es\/wp-content\/uploads\/2025\/01\/Soporte-tecnico-web-tadcon_Mesa-de-trabajo-1-1536x1455.png 1536w, https:\/\/tadcon.com.pe\/es\/wp-content\/uploads\/2025\/01\/Soporte-tecnico-web-tadcon_Mesa-de-trabajo-1-2048x1940.png 2048w\" sizes=\"(max-width: 4501px) 100vw, 4501px\" \/>\t\t\t\t\t\t\t\t\t\t\t\t\t<\/div>\n\t\t\t\t<\/div>\n\t\t\t\t\t<\/div>\n\t\t<\/div>\n\t\t\t\t<div class=\"elementor-column elementor-col-50 elementor-top-column elementor-element elementor-element-7d6145d8\" data-id=\"7d6145d8\" data-element_type=\"column\">\n\t\t\t<div class=\"elementor-widget-wrap elementor-element-populated\">\n\t\t\t\t\t\t<section class=\"elementor-section elementor-inner-section elementor-element elementor-element-5675ea2d elementor-section-boxed elementor-section-height-default elementor-section-height-default\" data-id=\"5675ea2d\" data-element_type=\"section\">\n\t\t\t\t\t\t<div class=\"elementor-container elementor-column-gap-default\">\n\t\t\t\t\t<div class=\"elementor-column elementor-col-100 elementor-inner-column elementor-element elementor-element-1a533787\" data-id=\"1a533787\" data-element_type=\"column\">\n\t\t\t<div class=\"elementor-widget-wrap elementor-element-populated\">\n\t\t\t\t\t\t<div class=\"elementor-element elementor-element-e72f6f elementor-widget elementor-widget-text-editor\" data-id=\"e72f6f\" data-element_type=\"widget\" data-widget_type=\"text-editor.default\">\n\t\t\t\t<div class=\"elementor-widget-container\">\n\t\t\t<style>\/*! elementor - v3.19.0 - 07-02-2024 *\/\n.elementor-widget-text-editor.elementor-drop-cap-view-stacked .elementor-drop-cap{background-color:#69727d;color:#fff}.elementor-widget-text-editor.elementor-drop-cap-view-framed .elementor-drop-cap{color:#69727d;border:3px solid;background-color:transparent}.elementor-widget-text-editor:not(.elementor-drop-cap-view-default) .elementor-drop-cap{margin-top:8px}.elementor-widget-text-editor:not(.elementor-drop-cap-view-default) .elementor-drop-cap-letter{width:1em;height:1em}.elementor-widget-text-editor .elementor-drop-cap{float:left;text-align:center;line-height:1;font-size:50px}.elementor-widget-text-editor .elementor-drop-cap-letter{display:inline-block}<\/style>\t\t\t\tPotencie su tecnolog\u00eda sin preocupaciones. En Tadcon, ofrecemos soporte t\u00e9cnico \u00e1gil y personalizado para mantener la tecnolog\u00eda de su negocio funcionando de manera confiable y eficiente. Nuestro equipo de profesionales est\u00e1 comprometido en mantener su infraestructura tecnol\u00f3gica, responder r\u00e1pidamente a sus necesidades, resolver problemas con soluciones eficaces y brindar asistencia en todo momento.\t\t\t\t\t\t<\/div>\n\t\t\t\t<\/div>\n\t\t\t\t\t<\/div>\n\t\t<\/div>\n\t\t\t\t\t<\/div>\n\t\t<\/section>\n\t\t\t\t\t<\/div>\n\t\t<\/div>\n\t\t\t\t\t<\/div>\n\t\t<\/section>\n\t\t\t\t<\/div>\n\t\t","protected":false},"excerpt":{"rendered":"<p>SERVICIOS SOPORTE T\u00c9CNICO Potencie su tecnolog\u00eda sin preocupaciones. En Tadcon, ofrecemos soporte t\u00e9cnico \u00e1gil y personalizado para mantener la tecnolog\u00eda de su negocio funcionando de manera confiable y eficiente. Nuestro equipo de profesionales est\u00e1 comprometido en mantener su infraestructura tecnol\u00f3gica, responder r\u00e1pidamente a sus necesidades, resolver problemas con soluciones eficaces y brindar asistencia en todo [&hellip;]<\/p>\n","protected":false},"author":2,"featured_media":0,"parent":0,"menu_order":0,"comment_status":"closed","ping_status":"closed","template":"","meta":{"footnotes":""},"class_list":["post-541","page","type-page","status-publish","hentry"],"_links":{"self":[{"href":"https:\/\/tadcon.com.pe\/es\/wp-json\/wp\/v2\/pages\/541","targetHints":{"allow":["GET"]}}],"collection":[{"href":"https:\/\/tadcon.com.pe\/es\/wp-json\/wp\/v2\/pages"}],"about":[{"href":"https:\/\/tadcon.com.pe\/es\/wp-json\/wp\/v2\/types\/page"}],"author":[{"embeddable":true,"href":"https:\/\/tadcon.com.pe\/es\/wp-json\/wp\/v2\/users\/2"}],"replies":[{"embeddable":true,"href":"https:\/\/tadcon.com.pe\/es\/wp-json\/wp\/v2\/comments?post=541"}],"version-history":[{"count":13,"href":"https:\/\/tadcon.com.pe\/es\/wp-json\/wp\/v2\/pages\/541\/revisions"}],"predecessor-version":[{"id":627,"href":"https:\/\/tadcon.com.pe\/es\/wp-json\/wp\/v2\/pages\/541\/revisions\/627"}],"wp:attachment":[{"href":"https:\/\/tadcon.com.pe\/es\/wp-json\/wp\/v2\/media?parent=541"}],"curies":[{"name":"wp","href":"https:\/\/api.w.org\/{rel}","templated":true}]}}